{"id":8684,"date":"2022-04-14T18:21:36","date_gmt":"2022-04-14T15:21:36","guid":{"rendered":"https:\/\/damiro.ee\/privaatsuspoliitika\/"},"modified":"2022-10-01T19:10:35","modified_gmt":"2022-10-01T16:10:35","slug":"privaatsuspoliitika","status":"publish","type":"page","link":"https:\/\/www.damiro.ee\/en\/privaatsuspoliitika\/","title":{"rendered":"Privaatsuspoliitika"},"content":{"rendered":"<div class=\"wpb-content-wrapper\"><p>[vc_row][vc_column][vc_column_text]Damiro Equestrian O\u00dc (edaspidi\u00a0<strong>\u201cDamiro\u201d<\/strong>) on v\u00f5tnud endale kohustuse kaitsta klientide (edaspidi\u00a0<strong>\u201cKlient\u201d<\/strong>) privaatsust. Ettev\u00f5tte j\u00e4lgib k\u00f5iki Euroopa Liidu \u00f5igusakte ja Eesti Vabariigi seaduseid. EN<\/p>\n<p><strong>ISIKUANDMETE T\u00d6\u00d6TLEMINE<\/strong><\/p>\n<p>Veebipoe Damiro.ee isikuandmete vastutav t\u00f6\u00f6tleja on Damiro Equestrian O\u00dc (registrikood 16367278) asukohaga Tartu maakond, Tartu linn, Koidut\u00e4he tn 36, 51011, telefon\u00a0<u>+372 56 49 2344<\/u>\u00a0ja e-posti aadress\u00a0<a href=\"mailto:info@Damiro.ee\">info@damiro.ee<\/a>. Damiro Equestrian O\u00dc edastab maksete teostamiseks vajalikud isikuandmed volitatud t\u00f6\u00f6tleja Montonio Finance O\u00dc-le<\/p>\n<p><strong>MILLISEID ISIKUANDMEID T\u00d6\u00d6DELDAKSE<\/strong><\/p>\n<ul>\n<li>ees- ja perekonnanimi;<\/li>\n<li>telefoninumber ja e-posti aadress;<\/li>\n<li>tellija ja kauba kohaletoimetamise aadress;<\/li>\n<li>pangakonto number;<\/li>\n<li>kaupade ja teenuste maksumus ja maksetega seotud andmed (ostuajalugu);<\/li>\n<li>klienditoe andmed;<\/li>\n<li>kliendiuuringute, pakkumiste v\u00f5i uudiskirjadega seotud informatsioon.<\/li>\n<\/ul>\n<p><strong>MIS EESM\u00c4RGIL ISIKUANDMEID T\u00d6\u00d6DELDAKSE<\/strong><\/p>\n<p>Damiro on isikuandmete vastututav t\u00f6\u00f6tleja. Isikuandmete t\u00f6\u00f6tlemine algab alates tellimuse esitamisest, uudiskirjaga liitumisest v\u00f5i kliendikonto loomisest. Isikuandmete t\u00f6\u00f6tlemine toimub eelk\u00f5ige juriidiliste kohustuste t\u00e4tmiseks.<\/p>\n<p>Isikuandmeid kasutatakse kliendi tellimuste haldamiseks ja kauba kohaletoimetamiseks.<\/p>\n<p>Ostuajaloo andmeid (ostu kuup\u00e4ev, kaup, kogus, kliendi andmed) kasutatakse ostetud kaupade ja teenuste \u00fclevaate koostamiseks ning kliendieelistuste anal\u00fc\u00fcsimiseks.<\/p>\n<p>Pangakonto numbrit kasutatakse kliendile maksete tagastamiseks.<\/p>\n<p>Isikuandmeid nagu e-post, telefoni nr, kliendi ees- ja perekonnanimi, t\u00f6\u00f6deldakse selleks, et lahendada kaupade ja teenuste osutamise seonduvaid k\u00fcsimusi (klienditugi).<\/p>\n<p>Damiro e-poe kasutaja IP-aadressi v\u00f5i teisi v\u00f5rguidentifikaatoreid t\u00f6\u00f6deldakse veebipoe kui info\u00fchiskonna teenuse osutamiseks ning veebikasutusstatistika tegemiseks.<\/p>\n<p><strong>VASTUV\u00d5TJAD, KELLELE ISIKUANDMEID EDASTATAKSE<\/strong><\/p>\n<p>Isikuandmed edastatakse veebipoe klienditoele ostude ja ostuajaloo haldamiseks ja kliendiprobleemide lahendamiseks.<\/p>\n<p>Maksevahendaja on Montonio Finance O\u00dc, kes edastab tellimusega seotud informatsiooni (ees- ja perekonnanimi ja tellimuse number) Eesti, L\u00e4ti, Leedu v\u00f5i Soome pankadele. Tellimuste eest tasumiseks kasutab Damiro j\u00e4rgnevaid maksevahendajaid: Swedbank, SEB Pank, Luminor Pank, COOP Pank, LHV Pank, Citadele Pank, Revolut, \u0160iauli\u0173 bankas, Medicinos bankas, Nordea Pank, Danske Pank, OP Pank ja krediikaart (Visa ning Mastercard).<\/p>\n<p>Ees- ja perekonnanimi, telefoninumber ja e-posti aadress edastatakse kliendi poolt valitud transporditeenuse pakkujale (DPD, Itella Smartpost v\u00f5i Omniva). Kui tegemist on kulleriga kohale toimetatava kaubaga, siis edastatakse lisaks kontaktandmetele ka kliendi aadress.<\/p>\n<p>Raamatupidamistoimingute tegemiseks kasutab Damiro e-pood Merit Aktiva majandustarkvara. E-poe kasutajakogemuse parandamiseks kasutatakse j\u00e4rgnevaid statistikakogumise platvorme: Google Analytics, Google Search Console, Facebook ja Mailchimp.<\/p>\n<p>Isikuandmeid v\u00f5idakse edastada infotehnoloogia teenuste pakkujatele, kui see on vajalik veebipoe funktsionaalsuse v\u00f5i andmemajutuse tagamiseks.<\/p>\n<p><strong>TURVALISUS JA ANDMETELE LIGIP\u00c4\u00c4S<\/strong><\/p>\n<p>Isikuandmeid hoitakse Veebimajutus (Elkdata O\u00dc) serverites, mis asuvad Euroopa Liidu liikmesriigi v\u00f5i Euroopa Liidu majanduspiirkonnaga liitunud riikide territooriumil. Andmeid v\u00f5idakse edastada riikidesse, mille andmekaitse taset on Euroopa Komisjon hinnanud piisavaks ning USA ettev\u00f5tetele, kes on liitunud andmekaitse kilbi (<em>Privacy Shield)<\/em>\u00a0raamistikuga.<\/p>\n<p>Juurdep\u00e4\u00e4s isikuandmetele on veebipoe t\u00f6\u00f6tajatel, kes saavad isikuandmetega tutvuda selleks, et lahendada veebipoe kasutamisega seonduvaid tehnilisi k\u00fcsimusi ning osutada klienditoe teenust.<\/p>\n<p>Veebipood rakendab asjakohaseid f\u00fc\u00fcsilisi, organisatsioonilisi ja infotehnilisi turvameetmeid, et kaitsta isikuandmeid juhusliku v\u00f5i ebaseadusliku h\u00e4vitamise, kaotsimineku, muutmise v\u00f5i loata juurdep\u00e4\u00e4su ja avalikustamise eest.<\/p>\n<p>Isikuandmete edastamine veebipoe volitatud t\u00f6\u00f6tlejatele (nt transporditeenuse pakkuja ja andmemajutus) toimub veebipoe ja volitatud t\u00f6\u00f6tlejatega s\u00f5lmitud lepingute alusel. Volitatud t\u00f6\u00f6tlejaid on kohustatud tagama isikuandmete t\u00f6\u00f6tlemisel asjakohased kaitsemeetmed.<\/p>\n<p><strong>ISIKUANDMETEGA TUTVUMINE JA PARANDAMINE<\/strong><\/p>\n<p>Isikuandmetega saab tutvuda ja teha parandusi veebipoe kasutajaprofiilis. Kui ost on sooritatud ilma kliendikontota, siis saab tutvuda isikuandmetega klienditoe vahendusel l\u00e4bi veebilehe\u00a0<a href=\"https:\/\/damiro.ee\/kontakt\/\">kontaktvormi<\/a>\u00a0v\u00f5i e-posti aadressi\u00a0<a href=\"mailto:info@Damiro.ee\">info@damiro.ee<\/a>.<\/p>\n<p><strong>N\u00d5USOLEKU TAGASIV\u00d5TMINE<\/strong><\/p>\n<p>Kui isikundmete t\u00f6\u00f6tlemine toimub kliendi n\u00f5usoleku alusel, siis on kliendil \u00f5igus n\u00f5usolek tagasi v\u00f5tta teavitades sellest Damiro kliendituge e-posti teel\u00a0<a href=\"mailto:info@Damiro.ee\">info@damiro.ee<\/a>.<\/p>\n<p><strong>S\u00c4ILITAMINE<\/strong><\/p>\n<p>Veebipoe kliendikonto sulgemisel kustutatakse isikuandmed, va juhul kui selliseid andmeid on vaja s\u00e4ilitada raamatupidamise jaoks v\u00f5i tarbijavaidluste lahendamiseks.<\/p>\n<p>Kui veebipoes on ost sooritatud ilma kliendikontota, siis s\u00e4ilitatakse ostuajalugu kolm aastat.<\/p>\n<p>Maksetega ja tarbijavaidlustega seotud vaidluste korral s\u00e4ilitatakse isikuandmed kuni n\u00f5ude t\u00e4itmiseni v\u00f5i aegumist\u00e4htaja l\u00f5puni (kolm aastat).<\/p>\n<p>Raamatupidamise jaoks vajalikud isikuandmed s\u00e4ilitatakse seitse aastat.<\/p>\n<p><strong>KUSTUTAMINE<\/strong><\/p>\n<p>Isikuandmete kustutamiseks tuleb v\u00f5tta \u00fchendust klienditoega e-posti teel\u00a0<a href=\"mailto:info@Damiro.ee\">info@damiro.ee<\/a>. Kustutamistaotlusele vastatakse mitte hiljem kui kuu aja jooksul ning t\u00e4psustakse andmete kustutamise perioodi ja p\u00f5hjust.<\/p>\n<p><strong>\u00dcLEKANDMINE<\/strong><\/p>\n<p>E-posti teel esitatud isikuandmete \u00fclekandmise taotlusele vastatakse hiljemalt kuu aja jooksul. Klienditugi tuvastab isikusamasuse ja teavitab isikuandmetest, mis kuuluvad \u00fclekandmisele.<\/p>\n<p><strong>OTSETURUNDUS<\/strong><\/p>\n<p>Damiro otseturundusega liitumine on vabatahtlik. Turunduseks kasutatakse andmeid ainult juhul, kui nendega on liitutud l\u00e4bi uudiskirja, kasutaja loomise v\u00f5i tellimuse esitamise vormi. Otseturunduseks kasutatakse nime, e-posti aadressi ja telefoninumbrit.<\/p>\n<p>Otseturundusega liitumisest on v\u00f5imalik kliendil taganeda teavitades sellest Damiro kliendituge.<\/p>\n<p><strong>VAIDLUSTE LAHENDAMINE<\/strong><\/p>\n<p>Isikuandmete t\u00f6\u00f6tlemisega seotud vaidluste lahendamine toimub klienditoe vahendusel e-posti teel\u00a0<a href=\"mailto:info@Damiro.ee\">info@damiro.ee<\/a>. J\u00e4relevalveasutus on Eesti Andmekaitse Inspektsioon (<a href=\"mailto:info@aki.ee\">info@aki.ee<\/a>). Lisainformatsiooni soovi korral leiab Tarbijakaitse ja Tehnilise J\u00e4relvalve Ameti kodulehelt (<a href=\"https:\/\/ttja.ee\/\">www.ttja.ee<\/a>).[\/vc_column_text][\/vc_column][\/vc_row]<\/p>\n<\/div>","protected":false},"excerpt":{"rendered":"<p>[vc_row][vc_column][vc_column_text]Damiro Equestrian O\u00dc (edaspidi\u00a0\u201cDamiro\u201d) on v\u00f5tnud endale kohustuse kaitsta klientide (edaspidi\u00a0\u201cKlient\u201d) privaatsust. Ettev\u00f5tte j\u00e4lgib k\u00f5iki Euroopa Liidu \u00f5igusakte ja Eesti Vabariigi seaduseid. EN ISIKUANDMETE T\u00d6\u00d6TLEMINE Veebipoe Damiro.ee isikuandmete vastutav t\u00f6\u00f6tleja on Damiro Equestrian O\u00dc (registrikood 16367278) asukohaga Tartu maakond, Tartu linn, Koidut\u00e4he tn 36, 51011, telefon\u00a0+372 56 49 2344\u00a0ja e-posti aadress\u00a0info@damiro.ee. Damiro Equestrian O\u00dc edastab [&hellip;]<\/p>\n","protected":false},"author":2,"featured_media":0,"parent":0,"menu_order":0,"comment_status":"closed","ping_status":"closed","template":"","meta":{"_acf_changed":false,"footnotes":""},"class_list":["post-8684","page","type-page","status-publish","hentry"],"acf":[],"yoast_head":"<!-- This site is optimized with the Yoast SEO plugin v26.9 - https:\/\/yoast.com\/product\/yoast-seo-wordpress\/ -->\n<title>Privaatsuspoliitika - Damiro Equestrian<\/title>\n<meta name=\"robots\" content=\"index, follow, max-snippet:-1, max-image-preview:large, max-video-preview:-1\" \/>\n<link rel=\"canonical\" href=\"https:\/\/www.damiro.ee\/en\/privaatsuspoliitika\/\" \/>\n<meta property=\"og:locale\" content=\"en_US\" \/>\n<meta property=\"og:type\" content=\"article\" \/>\n<meta property=\"og:title\" content=\"Privaatsuspoliitika - Damiro Equestrian\" \/>\n<meta property=\"og:description\" content=\"[vc_row][vc_column][vc_column_text]Damiro Equestrian O\u00dc (edaspidi\u00a0\u201cDamiro\u201d) on v\u00f5tnud endale kohustuse kaitsta klientide (edaspidi\u00a0\u201cKlient\u201d) privaatsust. Ettev\u00f5tte j\u00e4lgib k\u00f5iki Euroopa Liidu \u00f5igusakte ja Eesti Vabariigi seaduseid. EN ISIKUANDMETE T\u00d6\u00d6TLEMINE Veebipoe Damiro.ee isikuandmete vastutav t\u00f6\u00f6tleja on Damiro Equestrian O\u00dc (registrikood 16367278) asukohaga Tartu maakond, Tartu linn, Koidut\u00e4he tn 36, 51011, telefon\u00a0+372 56 49 2344\u00a0ja e-posti aadress\u00a0info@damiro.ee. Damiro Equestrian O\u00dc edastab [&hellip;]\" \/>\n<meta property=\"og:url\" content=\"https:\/\/www.damiro.ee\/en\/privaatsuspoliitika\/\" \/>\n<meta property=\"og:site_name\" content=\"Damiro Equestrian\" \/>\n<meta property=\"article:publisher\" content=\"https:\/\/www.facebook.com\/damiroequestrian\" \/>\n<meta property=\"article:modified_time\" content=\"2022-10-01T16:10:35+00:00\" \/>\n<meta name=\"twitter:card\" content=\"summary_large_image\" \/>\n<meta name=\"twitter:label1\" content=\"Est. reading time\" \/>\n\t<meta name=\"twitter:data1\" content=\"4 minutes\" \/>\n<script type=\"application\/ld+json\" class=\"yoast-schema-graph\">{\"@context\":\"https:\/\/schema.org\",\"@graph\":[{\"@type\":\"WebPage\",\"@id\":\"https:\/\/www.damiro.ee\/en\/privaatsuspoliitika\/\",\"url\":\"https:\/\/www.damiro.ee\/en\/privaatsuspoliitika\/\",\"name\":\"Privaatsuspoliitika - Damiro Equestrian\",\"isPartOf\":{\"@id\":\"https:\/\/www.damiro.ee\/en\/#website\"},\"datePublished\":\"2022-04-14T15:21:36+00:00\",\"dateModified\":\"2022-10-01T16:10:35+00:00\",\"breadcrumb\":{\"@id\":\"https:\/\/www.damiro.ee\/en\/privaatsuspoliitika\/#breadcrumb\"},\"inLanguage\":\"en-US\",\"potentialAction\":[{\"@type\":\"ReadAction\",\"target\":[\"https:\/\/www.damiro.ee\/en\/privaatsuspoliitika\/\"]}]},{\"@type\":\"BreadcrumbList\",\"@id\":\"https:\/\/www.damiro.ee\/en\/privaatsuspoliitika\/#breadcrumb\",\"itemListElement\":[{\"@type\":\"ListItem\",\"position\":1,\"name\":\"Avaleht\",\"item\":\"https:\/\/www.damiro.ee\/en\/\"},{\"@type\":\"ListItem\",\"position\":2,\"name\":\"Privaatsuspoliitika\"}]},{\"@type\":\"WebSite\",\"@id\":\"https:\/\/www.damiro.ee\/en\/#website\",\"url\":\"https:\/\/www.damiro.ee\/en\/\",\"name\":\"Damiro Equestrian\",\"description\":\"Ratsa- ja hobuvarustus Eestis\",\"publisher\":{\"@id\":\"https:\/\/www.damiro.ee\/en\/#organization\"},\"potentialAction\":[{\"@type\":\"SearchAction\",\"target\":{\"@type\":\"EntryPoint\",\"urlTemplate\":\"https:\/\/www.damiro.ee\/en\/?s={search_term_string}\"},\"query-input\":{\"@type\":\"PropertyValueSpecification\",\"valueRequired\":true,\"valueName\":\"search_term_string\"}}],\"inLanguage\":\"en-US\"},{\"@type\":\"Organization\",\"@id\":\"https:\/\/www.damiro.ee\/en\/#organization\",\"name\":\"Damiro Equestrian\",\"url\":\"https:\/\/www.damiro.ee\/en\/\",\"logo\":{\"@type\":\"ImageObject\",\"inLanguage\":\"en-US\",\"@id\":\"https:\/\/www.damiro.ee\/en\/#\/schema\/logo\/image\/\",\"url\":\"https:\/\/damiro.ee\/wp-content\/uploads\/2022\/04\/1-copy.jpeg\",\"contentUrl\":\"https:\/\/damiro.ee\/wp-content\/uploads\/2022\/04\/1-copy.jpeg\",\"width\":1730,\"height\":680,\"caption\":\"Damiro Equestrian\"},\"image\":{\"@id\":\"https:\/\/www.damiro.ee\/en\/#\/schema\/logo\/image\/\"},\"sameAs\":[\"https:\/\/www.facebook.com\/damiroequestrian\"]}]}<\/script>\n<!-- \/ Yoast SEO plugin. -->","yoast_head_json":{"title":"Privaatsuspoliitika - Damiro Equestrian","robots":{"index":"index","follow":"follow","max-snippet":"max-snippet:-1","max-image-preview":"max-image-preview:large","max-video-preview":"max-video-preview:-1"},"canonical":"https:\/\/www.damiro.ee\/en\/privaatsuspoliitika\/","og_locale":"en_US","og_type":"article","og_title":"Privaatsuspoliitika - Damiro Equestrian","og_description":"[vc_row][vc_column][vc_column_text]Damiro Equestrian O\u00dc (edaspidi\u00a0\u201cDamiro\u201d) on v\u00f5tnud endale kohustuse kaitsta klientide (edaspidi\u00a0\u201cKlient\u201d) privaatsust. Ettev\u00f5tte j\u00e4lgib k\u00f5iki Euroopa Liidu \u00f5igusakte ja Eesti Vabariigi seaduseid. EN ISIKUANDMETE T\u00d6\u00d6TLEMINE Veebipoe Damiro.ee isikuandmete vastutav t\u00f6\u00f6tleja on Damiro Equestrian O\u00dc (registrikood 16367278) asukohaga Tartu maakond, Tartu linn, Koidut\u00e4he tn 36, 51011, telefon\u00a0+372 56 49 2344\u00a0ja e-posti aadress\u00a0info@damiro.ee. Damiro Equestrian O\u00dc edastab [&hellip;]","og_url":"https:\/\/www.damiro.ee\/en\/privaatsuspoliitika\/","og_site_name":"Damiro Equestrian","article_publisher":"https:\/\/www.facebook.com\/damiroequestrian","article_modified_time":"2022-10-01T16:10:35+00:00","twitter_card":"summary_large_image","twitter_misc":{"Est. reading time":"4 minutes"},"schema":{"@context":"https:\/\/schema.org","@graph":[{"@type":"WebPage","@id":"https:\/\/www.damiro.ee\/en\/privaatsuspoliitika\/","url":"https:\/\/www.damiro.ee\/en\/privaatsuspoliitika\/","name":"Privaatsuspoliitika - Damiro Equestrian","isPartOf":{"@id":"https:\/\/www.damiro.ee\/en\/#website"},"datePublished":"2022-04-14T15:21:36+00:00","dateModified":"2022-10-01T16:10:35+00:00","breadcrumb":{"@id":"https:\/\/www.damiro.ee\/en\/privaatsuspoliitika\/#breadcrumb"},"inLanguage":"en-US","potentialAction":[{"@type":"ReadAction","target":["https:\/\/www.damiro.ee\/en\/privaatsuspoliitika\/"]}]},{"@type":"BreadcrumbList","@id":"https:\/\/www.damiro.ee\/en\/privaatsuspoliitika\/#breadcrumb","itemListElement":[{"@type":"ListItem","position":1,"name":"Avaleht","item":"https:\/\/www.damiro.ee\/en\/"},{"@type":"ListItem","position":2,"name":"Privaatsuspoliitika"}]},{"@type":"WebSite","@id":"https:\/\/www.damiro.ee\/en\/#website","url":"https:\/\/www.damiro.ee\/en\/","name":"Damiro Equestrian","description":"Ratsa- ja hobuvarustus Eestis","publisher":{"@id":"https:\/\/www.damiro.ee\/en\/#organization"},"potentialAction":[{"@type":"SearchAction","target":{"@type":"EntryPoint","urlTemplate":"https:\/\/www.damiro.ee\/en\/?s={search_term_string}"},"query-input":{"@type":"PropertyValueSpecification","valueRequired":true,"valueName":"search_term_string"}}],"inLanguage":"en-US"},{"@type":"Organization","@id":"https:\/\/www.damiro.ee\/en\/#organization","name":"Damiro Equestrian","url":"https:\/\/www.damiro.ee\/en\/","logo":{"@type":"ImageObject","inLanguage":"en-US","@id":"https:\/\/www.damiro.ee\/en\/#\/schema\/logo\/image\/","url":"https:\/\/damiro.ee\/wp-content\/uploads\/2022\/04\/1-copy.jpeg","contentUrl":"https:\/\/damiro.ee\/wp-content\/uploads\/2022\/04\/1-copy.jpeg","width":1730,"height":680,"caption":"Damiro Equestrian"},"image":{"@id":"https:\/\/www.damiro.ee\/en\/#\/schema\/logo\/image\/"},"sameAs":["https:\/\/www.facebook.com\/damiroequestrian"]}]}},"_links":{"self":[{"href":"https:\/\/www.damiro.ee\/en\/wp-json\/wp\/v2\/pages\/8684","targetHints":{"allow":["GET"]}}],"collection":[{"href":"https:\/\/www.damiro.ee\/en\/wp-json\/wp\/v2\/pages"}],"about":[{"href":"https:\/\/www.damiro.ee\/en\/wp-json\/wp\/v2\/types\/page"}],"author":[{"embeddable":true,"href":"https:\/\/www.damiro.ee\/en\/wp-json\/wp\/v2\/users\/2"}],"replies":[{"embeddable":true,"href":"https:\/\/www.damiro.ee\/en\/wp-json\/wp\/v2\/comments?post=8684"}],"version-history":[{"count":3,"href":"https:\/\/www.damiro.ee\/en\/wp-json\/wp\/v2\/pages\/8684\/revisions"}],"predecessor-version":[{"id":8687,"href":"https:\/\/www.damiro.ee\/en\/wp-json\/wp\/v2\/pages\/8684\/revisions\/8687"}],"wp:attachment":[{"href":"https:\/\/www.damiro.ee\/en\/wp-json\/wp\/v2\/media?parent=8684"}],"curies":[{"name":"wp","href":"https:\/\/api.w.org\/{rel}","templated":true}]}}