{"id":13667,"date":"2022-04-28T22:53:03","date_gmt":"2022-04-28T19:53:03","guid":{"rendered":"https:\/\/damiro.ee\/kupsised\/"},"modified":"2022-04-28T22:53:03","modified_gmt":"2022-04-28T19:53:03","slug":"kupsised","status":"publish","type":"page","link":"https:\/\/www.damiro.ee\/en\/kupsised\/","title":{"rendered":"K\u00fcpsised"},"content":{"rendered":"<div class=\"wpb-content-wrapper\"><p>[vc_row][vc_column][vc_column_text]<strong>MIS ON K\u00dcPSIS?<\/strong><\/p>\n<p>Damiro veebilehe kasutajamugavuse ja -kogemuse parandamiseks kasutab Damiro Equestrian O\u00dc veebileht k\u00fcpsiseid ehk<em>\u00a0cookie<\/em>\u2018sid. Tegemist on v\u00e4ikese tekstifailiga, mille veebileht salvestab k\u00fclastaja arvuti k\u00f5vakettale.<\/p>\n<p>K\u00fcpsised saadavad veebilehele teavet, mille alusel saab tunda \u00e4ra k\u00fclastaja arvuti seadeid ja eelistusi.<\/p>\n<p><strong>K\u00dcPSISTEST KEELDUMINE<\/strong><\/p>\n<p>Veebilehe k\u00fclastajal on \u00f5igus keelduda k\u00fcpsiste salvestamisest arvutisse. Vastava soovi korral peab kasutaja muutma oma veebilehitseja seadeid. Eri t\u00fc\u00fcpi veebilehitsejad kasutavad k\u00fcpsiste keelamiseks erinevaid meetodeid. T\u00e4psem informatsioon on k\u00e4ttesaadav Andmekaitse Inspektsiooni\u00a0<a href=\"http:\/\/www.aki.ee\/\">veebilehel<\/a>.<\/p>\n<p>K\u00fcpsiste kasutamise keeldumisel tuleb arvestada, et k\u00f5ik veebilehe funktsioonid ei pruugi p\u00e4rast k\u00fcpsiste blokeerimist enam kasutajale k\u00e4ttesaadavad olla.<\/p>\n<p><strong>VEEBILEHEL KASUTATAVATE K\u00dcPSISTE T\u00dc\u00dcBID<\/strong><\/p>\n<p>P\u00fcsik\u00fcpsised\u00a0(ingl\u00a0<em>permanent cookie<\/em>) salvestavad k\u00fclastaja arvuti k\u00f5vakettale teatud ajaks infot. Neid k\u00fcpsiseid kasutame k\u00fclastaja teavitamiseks muudatustest, mis on veebilehel tehtud p\u00e4rast tema viimast k\u00fclastust.\u00a0Seansik\u00fcpsised\u00a0(ingl\u00a0<em>session cookie<\/em>) salvestatakse k\u00fclastaja arvutisse ajutiselt, veebilehe kasutamise ajaks.<\/p>\n<p>Statistikak\u00fcpsised\u00a0aitavad meil m\u00f5ista, kuidas konkreetne k\u00fclastaja veebilehte kasutab. Nii n\u00e4eme, kui palju inimesi kindlal ajavahemikul lehte k\u00fclastab, kuidas veebilehtedel liigutakse ja millele klikitakse. Statistikak\u00fcpsised annavad meile infot, mille p\u00f5hjal parendada kliendikogemust.<\/p>\n<p>Reklaamik\u00fcpsiste\u00a0abil j\u00e4lgime, milliseid veebilehti k\u00fclastajad kasutavad. Nende k\u00fcpsiste eesm\u00e4rk on kuvada sulle internetis asjakohaseid ja huvipakkuvaid reklaame.[\/vc_column_text][\/vc_column][\/vc_row]<\/p>\n<\/div>","protected":false},"excerpt":{"rendered":"<p>[vc_row][vc_column][vc_column_text]MIS ON K\u00dcPSIS? Damiro veebilehe kasutajamugavuse ja -kogemuse parandamiseks kasutab Damiro Equestrian O\u00dc veebileht k\u00fcpsiseid ehk\u00a0cookie\u2018sid. Tegemist on v\u00e4ikese tekstifailiga, mille veebileht salvestab k\u00fclastaja arvuti k\u00f5vakettale. K\u00fcpsised saadavad veebilehele teavet, mille alusel saab tunda \u00e4ra k\u00fclastaja arvuti seadeid ja eelistusi. K\u00dcPSISTEST KEELDUMINE Veebilehe k\u00fclastajal on \u00f5igus keelduda k\u00fcpsiste salvestamisest arvutisse. Vastava soovi korral peab kasutaja [&hellip;]<\/p>\n","protected":false},"author":2,"featured_media":0,"parent":0,"menu_order":0,"comment_status":"closed","ping_status":"closed","template":"","meta":{"_acf_changed":false,"footnotes":""},"class_list":["post-13667","page","type-page","status-publish","hentry"],"acf":[],"yoast_head":"<!-- This site is optimized with the Yoast SEO plugin v26.9 - https:\/\/yoast.com\/product\/yoast-seo-wordpress\/ -->\n<title>K\u00fcpsised - Damiro Equestrian<\/title>\n<meta name=\"robots\" content=\"index, follow, max-snippet:-1, max-image-preview:large, max-video-preview:-1\" \/>\n<link rel=\"canonical\" href=\"https:\/\/www.damiro.ee\/en\/kupsised\/\" \/>\n<meta property=\"og:locale\" content=\"en_US\" \/>\n<meta property=\"og:type\" content=\"article\" \/>\n<meta property=\"og:title\" content=\"K\u00fcpsised - Damiro Equestrian\" \/>\n<meta property=\"og:description\" content=\"[vc_row][vc_column][vc_column_text]MIS ON K\u00dcPSIS? Damiro veebilehe kasutajamugavuse ja -kogemuse parandamiseks kasutab Damiro Equestrian O\u00dc veebileht k\u00fcpsiseid ehk\u00a0cookie\u2018sid. Tegemist on v\u00e4ikese tekstifailiga, mille veebileht salvestab k\u00fclastaja arvuti k\u00f5vakettale. K\u00fcpsised saadavad veebilehele teavet, mille alusel saab tunda \u00e4ra k\u00fclastaja arvuti seadeid ja eelistusi. K\u00dcPSISTEST KEELDUMINE Veebilehe k\u00fclastajal on \u00f5igus keelduda k\u00fcpsiste salvestamisest arvutisse. Vastava soovi korral peab kasutaja [&hellip;]\" \/>\n<meta property=\"og:url\" content=\"https:\/\/www.damiro.ee\/en\/kupsised\/\" \/>\n<meta property=\"og:site_name\" content=\"Damiro Equestrian\" \/>\n<meta property=\"article:publisher\" content=\"https:\/\/www.facebook.com\/damiroequestrian\" \/>\n<meta name=\"twitter:card\" content=\"summary_large_image\" \/>\n<meta name=\"twitter:label1\" content=\"Est. reading time\" \/>\n\t<meta name=\"twitter:data1\" content=\"1 minute\" \/>\n<script type=\"application\/ld+json\" class=\"yoast-schema-graph\">{\"@context\":\"https:\/\/schema.org\",\"@graph\":[{\"@type\":\"WebPage\",\"@id\":\"https:\/\/www.damiro.ee\/en\/kupsised\/\",\"url\":\"https:\/\/www.damiro.ee\/en\/kupsised\/\",\"name\":\"K\u00fcpsised - Damiro Equestrian\",\"isPartOf\":{\"@id\":\"https:\/\/www.damiro.ee\/en\/#website\"},\"datePublished\":\"2022-04-28T19:53:03+00:00\",\"breadcrumb\":{\"@id\":\"https:\/\/www.damiro.ee\/en\/kupsised\/#breadcrumb\"},\"inLanguage\":\"en-US\",\"potentialAction\":[{\"@type\":\"ReadAction\",\"target\":[\"https:\/\/www.damiro.ee\/en\/kupsised\/\"]}]},{\"@type\":\"BreadcrumbList\",\"@id\":\"https:\/\/www.damiro.ee\/en\/kupsised\/#breadcrumb\",\"itemListElement\":[{\"@type\":\"ListItem\",\"position\":1,\"name\":\"Avaleht\",\"item\":\"https:\/\/www.damiro.ee\/en\/\"},{\"@type\":\"ListItem\",\"position\":2,\"name\":\"K\u00fcpsised\"}]},{\"@type\":\"WebSite\",\"@id\":\"https:\/\/www.damiro.ee\/en\/#website\",\"url\":\"https:\/\/www.damiro.ee\/en\/\",\"name\":\"Damiro Equestrian\",\"description\":\"Ratsa- ja hobuvarustus Eestis\",\"publisher\":{\"@id\":\"https:\/\/www.damiro.ee\/en\/#organization\"},\"potentialAction\":[{\"@type\":\"SearchAction\",\"target\":{\"@type\":\"EntryPoint\",\"urlTemplate\":\"https:\/\/www.damiro.ee\/en\/?s={search_term_string}\"},\"query-input\":{\"@type\":\"PropertyValueSpecification\",\"valueRequired\":true,\"valueName\":\"search_term_string\"}}],\"inLanguage\":\"en-US\"},{\"@type\":\"Organization\",\"@id\":\"https:\/\/www.damiro.ee\/en\/#organization\",\"name\":\"Damiro Equestrian\",\"url\":\"https:\/\/www.damiro.ee\/en\/\",\"logo\":{\"@type\":\"ImageObject\",\"inLanguage\":\"en-US\",\"@id\":\"https:\/\/www.damiro.ee\/en\/#\/schema\/logo\/image\/\",\"url\":\"https:\/\/damiro.ee\/wp-content\/uploads\/2022\/04\/1-copy.jpeg\",\"contentUrl\":\"https:\/\/damiro.ee\/wp-content\/uploads\/2022\/04\/1-copy.jpeg\",\"width\":1730,\"height\":680,\"caption\":\"Damiro Equestrian\"},\"image\":{\"@id\":\"https:\/\/www.damiro.ee\/en\/#\/schema\/logo\/image\/\"},\"sameAs\":[\"https:\/\/www.facebook.com\/damiroequestrian\"]}]}<\/script>\n<!-- \/ Yoast SEO plugin. -->","yoast_head_json":{"title":"K\u00fcpsised - Damiro Equestrian","robots":{"index":"index","follow":"follow","max-snippet":"max-snippet:-1","max-image-preview":"max-image-preview:large","max-video-preview":"max-video-preview:-1"},"canonical":"https:\/\/www.damiro.ee\/en\/kupsised\/","og_locale":"en_US","og_type":"article","og_title":"K\u00fcpsised - Damiro Equestrian","og_description":"[vc_row][vc_column][vc_column_text]MIS ON K\u00dcPSIS? Damiro veebilehe kasutajamugavuse ja -kogemuse parandamiseks kasutab Damiro Equestrian O\u00dc veebileht k\u00fcpsiseid ehk\u00a0cookie\u2018sid. Tegemist on v\u00e4ikese tekstifailiga, mille veebileht salvestab k\u00fclastaja arvuti k\u00f5vakettale. K\u00fcpsised saadavad veebilehele teavet, mille alusel saab tunda \u00e4ra k\u00fclastaja arvuti seadeid ja eelistusi. K\u00dcPSISTEST KEELDUMINE Veebilehe k\u00fclastajal on \u00f5igus keelduda k\u00fcpsiste salvestamisest arvutisse. Vastava soovi korral peab kasutaja [&hellip;]","og_url":"https:\/\/www.damiro.ee\/en\/kupsised\/","og_site_name":"Damiro Equestrian","article_publisher":"https:\/\/www.facebook.com\/damiroequestrian","twitter_card":"summary_large_image","twitter_misc":{"Est. reading time":"1 minute"},"schema":{"@context":"https:\/\/schema.org","@graph":[{"@type":"WebPage","@id":"https:\/\/www.damiro.ee\/en\/kupsised\/","url":"https:\/\/www.damiro.ee\/en\/kupsised\/","name":"K\u00fcpsised - Damiro Equestrian","isPartOf":{"@id":"https:\/\/www.damiro.ee\/en\/#website"},"datePublished":"2022-04-28T19:53:03+00:00","breadcrumb":{"@id":"https:\/\/www.damiro.ee\/en\/kupsised\/#breadcrumb"},"inLanguage":"en-US","potentialAction":[{"@type":"ReadAction","target":["https:\/\/www.damiro.ee\/en\/kupsised\/"]}]},{"@type":"BreadcrumbList","@id":"https:\/\/www.damiro.ee\/en\/kupsised\/#breadcrumb","itemListElement":[{"@type":"ListItem","position":1,"name":"Avaleht","item":"https:\/\/www.damiro.ee\/en\/"},{"@type":"ListItem","position":2,"name":"K\u00fcpsised"}]},{"@type":"WebSite","@id":"https:\/\/www.damiro.ee\/en\/#website","url":"https:\/\/www.damiro.ee\/en\/","name":"Damiro Equestrian","description":"Ratsa- ja hobuvarustus Eestis","publisher":{"@id":"https:\/\/www.damiro.ee\/en\/#organization"},"potentialAction":[{"@type":"SearchAction","target":{"@type":"EntryPoint","urlTemplate":"https:\/\/www.damiro.ee\/en\/?s={search_term_string}"},"query-input":{"@type":"PropertyValueSpecification","valueRequired":true,"valueName":"search_term_string"}}],"inLanguage":"en-US"},{"@type":"Organization","@id":"https:\/\/www.damiro.ee\/en\/#organization","name":"Damiro Equestrian","url":"https:\/\/www.damiro.ee\/en\/","logo":{"@type":"ImageObject","inLanguage":"en-US","@id":"https:\/\/www.damiro.ee\/en\/#\/schema\/logo\/image\/","url":"https:\/\/damiro.ee\/wp-content\/uploads\/2022\/04\/1-copy.jpeg","contentUrl":"https:\/\/damiro.ee\/wp-content\/uploads\/2022\/04\/1-copy.jpeg","width":1730,"height":680,"caption":"Damiro Equestrian"},"image":{"@id":"https:\/\/www.damiro.ee\/en\/#\/schema\/logo\/image\/"},"sameAs":["https:\/\/www.facebook.com\/damiroequestrian"]}]}},"_links":{"self":[{"href":"https:\/\/www.damiro.ee\/en\/wp-json\/wp\/v2\/pages\/13667","targetHints":{"allow":["GET"]}}],"collection":[{"href":"https:\/\/www.damiro.ee\/en\/wp-json\/wp\/v2\/pages"}],"about":[{"href":"https:\/\/www.damiro.ee\/en\/wp-json\/wp\/v2\/types\/page"}],"author":[{"embeddable":true,"href":"https:\/\/www.damiro.ee\/en\/wp-json\/wp\/v2\/users\/2"}],"replies":[{"embeddable":true,"href":"https:\/\/www.damiro.ee\/en\/wp-json\/wp\/v2\/comments?post=13667"}],"version-history":[{"count":0,"href":"https:\/\/www.damiro.ee\/en\/wp-json\/wp\/v2\/pages\/13667\/revisions"}],"wp:attachment":[{"href":"https:\/\/www.damiro.ee\/en\/wp-json\/wp\/v2\/media?parent=13667"}],"curies":[{"name":"wp","href":"https:\/\/api.w.org\/{rel}","templated":true}]}}